{"id":363,"date":"2021-09-22T16:51:11","date_gmt":"2021-09-22T16:51:11","guid":{"rendered":"https:\/\/esfinge.mx\/inicio\/?product=tecnologia-1"},"modified":"2026-03-29T02:00:31","modified_gmt":"2026-03-29T08:00:31","slug":"tecnologia-1","status":"publish","type":"product","link":"https:\/\/esfinge.mx\/inicio\/producto\/tecnologia-1\/","title":{"rendered":"Tecnolog\u00eda 1"},"content":{"rendered":"<section id=\"content-section-1528971561366\" class=\"astroid-section astroid-component-section py-3 py-md-5\">\n<div class=\"container\">\n<div id=\"astroid-row-1528971561366\" class=\"row astroid-row\">\n<div id=\"astroid-column-1528971561366\" class=\"astroid-column col-lg-12\">\n<div id=\"component-area-1529739248826\" class=\"astroid-component\">\n<div class=\"astroid-component-area\">\n<div id=\"hikashop_product_9786071009418_page\" class=\"hikashop_product_page hikashop_product_of_category_21 hikashop_product_of_category_24\">\n<form action=\"https:\/\/esfinge.mx\/home\/index.php\/libro\/product\/updatecart\" enctype=\"multipart\/form-data\" method=\"post\" name=\"hikashop_product_form\">\n<div id=\"hikashop_product_bottom_part\" class=\"hikashop_product_bottom_part\">\n<div id=\"hikashop_product_description_main\" class=\"hikashop_product_description_main\">\n<div class=\"caracteristicas\"><b class=\"subtitulo\">Propuesta did\u00e1ctica<\/b><\/div>\n<div class=\"caracteristicas\">\u2022 Adentra al alumno en el saber hacer tecnol\u00f3gico y le muestra c\u00f3mo construir artefactos.<br \/>\n\u2022 Propicia el conocimiento de los principios unificadores de la tecnolog\u00eda.<\/p>\n<\/div>\n<div class=\"caracteristicas\"><b class=\"subtitulo\">Actividades y contenido<\/b><\/div>\n<div class=\"caracteristicas\">\u2022 Propone el desarrollo de proyectos con avances graduales hasta incluir niveles organizacionales, industriales y semi industriales.<br \/>\n\u2022 Contiene evaluaciones del bloque.<br \/>\n\u2022 Cuadernillos con actividades digitales para \u00e9nfasis en Ofim\u00e1tica e Inform\u00e1tica.<\/p>\n<\/div>\n<div class=\"caracteristicas\"><b class=\"subtitulo\">Apoyos did\u00e1cticos<\/b><\/div>\n<div class=\"caracteristicas\">\u2022 Gu\u00eda did\u00e1ctica para el maestro que incluye la reproducci\u00f3n de todas las p\u00e1ginas del libro del alumno, con estrategias de aprendizaje, respuestas de las actividades y evaluaciones.<br \/>\n\u2022 Actividades para los \u00e9nfasis tecnol\u00f3gicos en Inform\u00e1tica y Ofim\u00e1tica con enlaces a informaci\u00f3n complementaria y videos.<\/p>\n<\/div>\n<div id=\"contenedor\">\n<div class=\"hijo\"><b class=\"subtitulo\">ISBN<br \/>\n<\/b>9786071009418<\/div>\n<div class=\"hijo\"><b class=\"subtitulo\">Formato<br \/>\n<\/b>20.5 x 27 cm<\/div>\n<div class=\"hijo\"><b class=\"subtitulo\">P\u00e1ginas<br \/>\n<\/b>sn<\/div>\n<div class=\"hijo\"><b class=\"subtitulo\">Componentes<br \/>\n<\/b>Libro para el alumno<br \/>\nGu\u00eda para el docente<\/div>\n<div class=\"hijo\"><\/div>\n<div class=\"clear\"><\/div>\n<\/div>\n<div class=\"caracteristicas\"><b class=\"subtitulo\">Autor<\/b><\/div>\n<div class=\"caracteristicas\">Cesari D. Rico Galeana<br \/>\nAnselmo AleJandro Rex Ortega<br \/>\nEsteban \u00c1vila Aldana<\/div>\n<\/div>\n<p><span id=\"hikashop_product_url_main\" class=\"hikashop_product_url_main\"><\/span><\/p>\n<div id=\"hikashop_product_files_main\" class=\"hikashop_product_files_main\"><\/div>\n<\/div>\n<\/form>\n<div id=\"hikashop_submodules\" class=\"hikashop_submodules\">\n<div id=\"hikashop_module_98\" class=\"hikashop_module \">\n<div id=\"hikashop_category_information_module_98\" class=\"hikashop_category_information hikashop_products_listing_main hikashop_product_listing_2 filter_refresh_div\" data-refresh-class=\"hikashop_checkout_loading\" data-refresh-url=\"https:\/\/esfinge.mx\/home\/index.php\/libro\/product\/44-tecnologia_1_-didactico?tmpl=raw&amp;filter=1\" data-use-url=\"1\">\n<div class=\"hikashop_checkout_loading_elem\"><\/div>\n<div class=\"hikashop_checkout_loading_spinner\"><\/div>\n<\/div>\n<\/div>\n<\/div>\n<div id=\"hikashop_external_comments\" class=\"hikashop_external_comments\"><\/div>\n<\/div>\n<\/div>\n<\/div>\n<\/div>\n<\/div>\n<\/div>\n<\/section>\n<section id=\"section-5-1529739392010\" class=\"astroid-section py-3 py-md-5\">\n<div class=\"container\">\n<div id=\"astroid-row-1529739392010\" class=\"row astroid-row\">\n<div id=\"astroid-column-1529739392010\" class=\"astroid-column col-lg-12\">\n<div id=\"position-5-1529739392010\" class=\"astroid-module-position\">\n<div class=\"moduletable \">\n<div class=\"custom\"><\/div>\n<\/div>\n<\/div>\n<\/div>\n<\/div>\n<\/div>\n<\/section>\n","protected":false},"excerpt":{"rendered":"<p>Cesari Domingo Rico Galeana, Anselmo Alejandro Rex Ortega<\/p>\n","protected":false},"featured_media":493,"comment_status":"open","ping_status":"closed","template":"","meta":[],"product_brand":[],"product_cat":[25],"product_tag":[],"class_list":{"0":"post-363","1":"product","2":"type-product","3":"status-publish","4":"has-post-thumbnail","6":"product_cat-sec-kiga","8":"first","9":"instock","10":"taxable","11":"shipping-taxable","12":"purchasable","13":"product-type-simple"},"_links":{"self":[{"href":"https:\/\/esfinge.mx\/inicio\/wp-json\/wp\/v2\/product\/363","targetHints":{"allow":["GET"]}}],"collection":[{"href":"https:\/\/esfinge.mx\/inicio\/wp-json\/wp\/v2\/product"}],"about":[{"href":"https:\/\/esfinge.mx\/inicio\/wp-json\/wp\/v2\/types\/product"}],"replies":[{"embeddable":true,"href":"https:\/\/esfinge.mx\/inicio\/wp-json\/wp\/v2\/comments?post=363"}],"wp:featuredmedia":[{"embeddable":true,"href":"https:\/\/esfinge.mx\/inicio\/wp-json\/wp\/v2\/media\/493"}],"wp:attachment":[{"href":"https:\/\/esfinge.mx\/inicio\/wp-json\/wp\/v2\/media?parent=363"}],"wp:term":[{"taxonomy":"product_brand","embeddable":true,"href":"https:\/\/esfinge.mx\/inicio\/wp-json\/wp\/v2\/product_brand?post=363"},{"taxonomy":"product_cat","embeddable":true,"href":"https:\/\/esfinge.mx\/inicio\/wp-json\/wp\/v2\/product_cat?post=363"},{"taxonomy":"product_tag","embeddable":true,"href":"https:\/\/esfinge.mx\/inicio\/wp-json\/wp\/v2\/product_tag?post=363"}],"curies":[{"name":"wp","href":"https:\/\/api.w.org\/{rel}","templated":true}]}}