{"id":366,"date":"2021-09-22T16:51:11","date_gmt":"2021-09-22T16:51:11","guid":{"rendered":"https:\/\/esfinge.mx\/inicio\/?product=biology"},"modified":"2026-03-29T02:00:10","modified_gmt":"2026-03-29T08:00:10","slug":"biology","status":"publish","type":"product","link":"https:\/\/esfinge.mx\/inicio\/producto\/biology\/","title":{"rendered":"Biology"},"content":{"rendered":"","protected":false},"excerpt":{"rendered":"<p>Cesari Domingo Rico Galeana,H\u00e9ctor Rodr\u00edguez,Javier L\u00f3pez,Zayil Salazar<\/p>\n","protected":false},"featured_media":730,"comment_status":"open","ping_status":"closed","template":"","meta":[],"product_brand":[],"product_cat":[26],"product_tag":[],"class_list":{"0":"post-366","1":"product","2":"type-product","3":"status-publish","4":"has-post-thumbnail","6":"product_cat-secundaria-kells","8":"first","9":"instock","10":"taxable","11":"shipping-taxable","12":"purchasable","13":"product-type-simple"},"_links":{"self":[{"href":"https:\/\/esfinge.mx\/inicio\/wp-json\/wp\/v2\/product\/366","targetHints":{"allow":["GET"]}}],"collection":[{"href":"https:\/\/esfinge.mx\/inicio\/wp-json\/wp\/v2\/product"}],"about":[{"href":"https:\/\/esfinge.mx\/inicio\/wp-json\/wp\/v2\/types\/product"}],"replies":[{"embeddable":true,"href":"https:\/\/esfinge.mx\/inicio\/wp-json\/wp\/v2\/comments?post=366"}],"wp:featuredmedia":[{"embeddable":true,"href":"https:\/\/esfinge.mx\/inicio\/wp-json\/wp\/v2\/media\/730"}],"wp:attachment":[{"href":"https:\/\/esfinge.mx\/inicio\/wp-json\/wp\/v2\/media?parent=366"}],"wp:term":[{"taxonomy":"product_brand","embeddable":true,"href":"https:\/\/esfinge.mx\/inicio\/wp-json\/wp\/v2\/product_brand?post=366"},{"taxonomy":"product_cat","embeddable":true,"href":"https:\/\/esfinge.mx\/inicio\/wp-json\/wp\/v2\/product_cat?post=366"},{"taxonomy":"product_tag","embeddable":true,"href":"https:\/\/esfinge.mx\/inicio\/wp-json\/wp\/v2\/product_tag?post=366"}],"curies":[{"name":"wp","href":"https:\/\/api.w.org\/{rel}","templated":true}]}}