{"id":38,"date":"2021-09-22T16:50:50","date_gmt":"2021-09-22T16:50:50","guid":{"rendered":"https:\/\/esfinge.mx\/inicio\/?product=vive-los-numeros-3-preescolar"},"modified":"2026-03-29T02:00:35","modified_gmt":"2026-03-29T08:00:35","slug":"vive-los-numeros-3-preescolar","status":"publish","type":"product","link":"https:\/\/esfinge.mx\/inicio\/producto\/vive-los-numeros-3-preescolar\/","title":{"rendered":"Vive los n\u00fameros 3. Preescolar"},"content":{"rendered":"<div class=\"caracteristicas\"><span style=\"color: #ff0000;\"><b class=\"subtitulo\">Propuesta did\u00e1ctica<\/b><\/span><\/div>\n<div class=\"caracteristicas\">\n<ul>\n<li>Propuesta did\u00e1ctica que permite a los ni\u00f1os adquirir conocimientos matem\u00e1ticos, habilidades y actitudes positivas, mediante tres ejes de desarrollo: N\u00famero, \u00e1lgebra y variaci\u00f3n, Forma, espacio y medida y An\u00e1lisis de datos.<\/li>\n<li>Fichas dosificadas a partir de trimestres y periodos lectivos de acuerdo con el nuevo modelo educativo.<\/li>\n<li>Cada Ficha presenta tres momentos did\u00e1cticos: Para empezar, Para discutir y Para ejercitar.<\/li>\n<li>Presenta la secci\u00f3n Verificamos aprendizajes, la cual constituye una semblanza de los avances.<\/li>\n<\/ul>\n<\/div>\n<div class=\"caracteristicas\"><span style=\"color: #ff0000;\"><b class=\"subtitulo\">Actividades y contenido<\/b><\/span><\/div>\n<div class=\"caracteristicas\">\n<ul>\n<li>Incluye la secci\u00f3n Exploraci\u00f3n de conocimientos, en la cual se plantean Retos que permiten reconocer los saberes previos.<\/li>\n<li>A trav\u00e9s de las actividades planteadas en cada ficha los alumnos disfrutan, aprenden y ejercitan sus conocimientos y capacidades.<\/li>\n<li>Incluye Tabla de contenidos para facilitar la planeaci\u00f3n de las educadoras.<\/li>\n<li>Plantea el uso de recursos did\u00e1cticos y una atractiva variedad de materiales manipulativos recortables.<\/li>\n<li>Promueve la socializaci\u00f3n de procedimientos o estrategias para contrastar resultados.<\/li>\n<li>Propone aplicar el contenido en contextos cercanos a los alumnos.<\/li>\n<\/ul>\n<\/div>\n<div class=\"caracteristicas\"><span style=\"color: #ff0000;\"><b class=\"subtitulo\">Apoyos did\u00e1cticos<\/b><\/span><\/div>\n<div class=\"liga_fondo\"><a href=\"https:\/\/fondo.esfinge.mx\/media_superior\/inicio_bachi\/materialesB\/9786071013828\" target=\"_blank\" rel=\"noopener noreferrer\">Recursos en l\u00ednea.<\/a><\/div>\n<div class=\"caracteristicas\">\n<p>Gu\u00eda del docente que incluye: orientaciones did\u00e1cticas, dosificaci\u00f3n, respuestas de actividades en reproducci\u00f3n de las p\u00e1ginas del libro del alumno.<\/p>\n<\/div>\n<div id=\"contenedor\">\n<div class=\"hijo\"><b class=\"subtitulo\"><span style=\"color: #ff0000;\">ISBN<\/span><br \/>\n<\/b>9786071013828<\/div>\n<div class=\"hijo\"><b class=\"subtitulo\"><span style=\"color: #ff0000;\">Formato<\/span><br \/>\n<\/b>30 x 22.5 cm<\/div>\n<div class=\"hijo\"><b class=\"subtitulo\"><span style=\"color: #ff0000;\">P\u00e1ginas<\/span><br \/>\n<\/b>128<\/div>\n<div class=\"hijo\"><b class=\"subtitulo\"><span style=\"color: #ff0000;\">Componentes<\/span><br \/>\n<\/b>Libro para el alumno<br \/>\nGu\u00eda del maestro<\/div>\n<div class=\"hijo\"><\/div>\n<div class=\"clear\"><\/div>\n<\/div>\n<div class=\"caracteristicas\"><span style=\"color: #ff0000;\"><b class=\"subtitulo\">Autor<\/b><\/span><\/div>\n<div class=\"caracteristicas\">Mar\u00eda Teresa Mac\u00edas Luna<\/div>\n","protected":false},"excerpt":{"rendered":"<p>Vive los n\u00fameros 3. Preescolar<\/p>\n<p>Mar\u00eda Teresa Mac\u00edas Luna<\/p>\n","protected":false},"featured_media":402,"comment_status":"open","ping_status":"closed","template":"","meta":[],"product_brand":[],"product_cat":[16],"product_tag":[],"class_list":{"0":"post-38","1":"product","2":"type-product","3":"status-publish","4":"has-post-thumbnail","6":"product_cat-preescolar","8":"first","9":"instock","10":"taxable","11":"shipping-taxable","12":"purchasable","13":"product-type-simple"},"_links":{"self":[{"href":"https:\/\/esfinge.mx\/inicio\/wp-json\/wp\/v2\/product\/38","targetHints":{"allow":["GET"]}}],"collection":[{"href":"https:\/\/esfinge.mx\/inicio\/wp-json\/wp\/v2\/product"}],"about":[{"href":"https:\/\/esfinge.mx\/inicio\/wp-json\/wp\/v2\/types\/product"}],"replies":[{"embeddable":true,"href":"https:\/\/esfinge.mx\/inicio\/wp-json\/wp\/v2\/comments?post=38"}],"wp:featuredmedia":[{"embeddable":true,"href":"https:\/\/esfinge.mx\/inicio\/wp-json\/wp\/v2\/media\/402"}],"wp:attachment":[{"href":"https:\/\/esfinge.mx\/inicio\/wp-json\/wp\/v2\/media?parent=38"}],"wp:term":[{"taxonomy":"product_brand","embeddable":true,"href":"https:\/\/esfinge.mx\/inicio\/wp-json\/wp\/v2\/product_brand?post=38"},{"taxonomy":"product_cat","embeddable":true,"href":"https:\/\/esfinge.mx\/inicio\/wp-json\/wp\/v2\/product_cat?post=38"},{"taxonomy":"product_tag","embeddable":true,"href":"https:\/\/esfinge.mx\/inicio\/wp-json\/wp\/v2\/product_tag?post=38"}],"curies":[{"name":"wp","href":"https:\/\/api.w.org\/{rel}","templated":true}]}}