{"id":968,"date":"2021-10-19T08:25:34","date_gmt":"2021-10-19T08:25:34","guid":{"rendered":"https:\/\/esfinge.mx\/inicio\/?post_type=product&#038;p=968"},"modified":"2026-03-29T02:00:23","modified_gmt":"2026-03-29T08:00:23","slug":"la-imaginacion-al-poder","status":"publish","type":"product","link":"https:\/\/esfinge.mx\/inicio\/producto\/la-imaginacion-al-poder\/","title":{"rendered":"La Imaginaci\u00f3n al Poder"},"content":{"rendered":"<div class=\"caracteristicas\"><b class=\"subtitulo\">Resumen<\/b><\/div>\n<div class=\"caracteristicas\">Campos de concentraci\u00f3n para estatuas vivientes; una ara\u00f1a que decide convertirse en artista; una pelota que se enamora de un bal\u00f3n amarillo; un ni\u00f1o tan grande que come cometas; una boda entre un muchacho y una nube; una guerra entre hombres y bigotes comandados por el del general Zapata; un ej\u00e9rcito de ni\u00f1os armados con mocos que someten a los adultos.<\/div>\n<div><\/div>\n","protected":false},"excerpt":{"rendered":"<p>Alberto Forcada<\/p>\n","protected":false},"featured_media":970,"comment_status":"open","ping_status":"closed","template":"","meta":[],"product_brand":[],"product_cat":[35],"product_tag":[],"class_list":{"0":"post-968","1":"product","2":"type-product","3":"status-publish","4":"has-post-thumbnail","6":"product_cat-literatura","8":"first","9":"instock","10":"taxable","11":"shipping-taxable","12":"purchasable","13":"product-type-simple"},"_links":{"self":[{"href":"https:\/\/esfinge.mx\/inicio\/wp-json\/wp\/v2\/product\/968","targetHints":{"allow":["GET"]}}],"collection":[{"href":"https:\/\/esfinge.mx\/inicio\/wp-json\/wp\/v2\/product"}],"about":[{"href":"https:\/\/esfinge.mx\/inicio\/wp-json\/wp\/v2\/types\/product"}],"replies":[{"embeddable":true,"href":"https:\/\/esfinge.mx\/inicio\/wp-json\/wp\/v2\/comments?post=968"}],"wp:featuredmedia":[{"embeddable":true,"href":"https:\/\/esfinge.mx\/inicio\/wp-json\/wp\/v2\/media\/970"}],"wp:attachment":[{"href":"https:\/\/esfinge.mx\/inicio\/wp-json\/wp\/v2\/media?parent=968"}],"wp:term":[{"taxonomy":"product_brand","embeddable":true,"href":"https:\/\/esfinge.mx\/inicio\/wp-json\/wp\/v2\/product_brand?post=968"},{"taxonomy":"product_cat","embeddable":true,"href":"https:\/\/esfinge.mx\/inicio\/wp-json\/wp\/v2\/product_cat?post=968"},{"taxonomy":"product_tag","embeddable":true,"href":"https:\/\/esfinge.mx\/inicio\/wp-json\/wp\/v2\/product_tag?post=968"}],"curies":[{"name":"wp","href":"https:\/\/api.w.org\/{rel}","templated":true}]}}