{"id":973,"date":"2021-10-19T08:29:23","date_gmt":"2021-10-19T08:29:23","guid":{"rendered":"https:\/\/esfinge.mx\/inicio\/?post_type=product&#038;p=973"},"modified":"2026-03-29T02:00:09","modified_gmt":"2026-03-29T08:00:09","slug":"hay-naranjas-y-hay-limones","status":"publish","type":"product","link":"https:\/\/esfinge.mx\/inicio\/producto\/hay-naranjas-y-hay-limones\/","title":{"rendered":"\u00a1Hay naranjas y hay limones!"},"content":{"rendered":"<div class=\"caracteristicas\"><b class=\"subtitulo\">Resumen<\/b><\/div>\n<div class=\"caracteristicas\">El autor recupera en este libro pregones, refranes y adivinanzas de la tradici\u00f3n popular mexicana. El material es recreado en divertidas rimas y poemas, los cuales son una oportunidad para acercar a los ni\u00f1os, de forma creativa, a la lectura de poes\u00eda y a la tradici\u00f3n oral mexicana. La cercan\u00eda de los textos a la vida cotidiana de los ni\u00f1os refuerza su identificaci\u00f3n con ellos.<\/div>\n","protected":false},"excerpt":{"rendered":"<p>Fernando del Paso<\/p>\n","protected":false},"featured_media":974,"comment_status":"open","ping_status":"closed","template":"","meta":[],"product_brand":[],"product_cat":[35],"product_tag":[],"class_list":{"0":"post-973","1":"product","2":"type-product","3":"status-publish","4":"has-post-thumbnail","6":"product_cat-literatura","8":"first","9":"instock","10":"taxable","11":"shipping-taxable","12":"purchasable","13":"product-type-simple"},"_links":{"self":[{"href":"https:\/\/esfinge.mx\/inicio\/wp-json\/wp\/v2\/product\/973","targetHints":{"allow":["GET"]}}],"collection":[{"href":"https:\/\/esfinge.mx\/inicio\/wp-json\/wp\/v2\/product"}],"about":[{"href":"https:\/\/esfinge.mx\/inicio\/wp-json\/wp\/v2\/types\/product"}],"replies":[{"embeddable":true,"href":"https:\/\/esfinge.mx\/inicio\/wp-json\/wp\/v2\/comments?post=973"}],"wp:featuredmedia":[{"embeddable":true,"href":"https:\/\/esfinge.mx\/inicio\/wp-json\/wp\/v2\/media\/974"}],"wp:attachment":[{"href":"https:\/\/esfinge.mx\/inicio\/wp-json\/wp\/v2\/media?parent=973"}],"wp:term":[{"taxonomy":"product_brand","embeddable":true,"href":"https:\/\/esfinge.mx\/inicio\/wp-json\/wp\/v2\/product_brand?post=973"},{"taxonomy":"product_cat","embeddable":true,"href":"https:\/\/esfinge.mx\/inicio\/wp-json\/wp\/v2\/product_cat?post=973"},{"taxonomy":"product_tag","embeddable":true,"href":"https:\/\/esfinge.mx\/inicio\/wp-json\/wp\/v2\/product_tag?post=973"}],"curies":[{"name":"wp","href":"https:\/\/api.w.org\/{rel}","templated":true}]}}