{"id":975,"date":"2021-10-19T08:31:32","date_gmt":"2021-10-19T08:31:32","guid":{"rendered":"https:\/\/esfinge.mx\/inicio\/?post_type=product&#038;p=975"},"modified":"2026-03-29T02:00:23","modified_gmt":"2026-03-29T08:00:23","slug":"la-luz-que-regresa-y-otras-historias","status":"publish","type":"product","link":"https:\/\/esfinge.mx\/inicio\/producto\/la-luz-que-regresa-y-otras-historias\/","title":{"rendered":"La luz que regresa y otras historias"},"content":{"rendered":"<div class=\"caracteristicas\"><b class=\"subtitulo\">Resumen<\/b><\/div>\n<div class=\"caracteristicas\">En La luz que regresa, Salvador Elizondo nos hace ver que, aunque tengamos los elementos para regresar al pasado, no podemos cambiar lo que ya sucedi\u00f3 y escapar del destino, pero s\u00ed podemos echar a andar nuestra imaginaci\u00f3n y ponernos a pensar en c\u00f3mo ser\u00e1 el futuro. \u00c9stas son s\u00f3lo algunas de las maravillosas historias que forman parte de este libro.<\/div>\n","protected":false},"excerpt":{"rendered":"<p>Salvador Elizondo<\/p>\n","protected":false},"featured_media":976,"comment_status":"open","ping_status":"closed","template":"","meta":[],"product_brand":[],"product_cat":[35],"product_tag":[],"class_list":{"0":"post-975","1":"product","2":"type-product","3":"status-publish","4":"has-post-thumbnail","6":"product_cat-literatura","8":"first","9":"instock","10":"taxable","11":"shipping-taxable","12":"purchasable","13":"product-type-simple"},"_links":{"self":[{"href":"https:\/\/esfinge.mx\/inicio\/wp-json\/wp\/v2\/product\/975","targetHints":{"allow":["GET"]}}],"collection":[{"href":"https:\/\/esfinge.mx\/inicio\/wp-json\/wp\/v2\/product"}],"about":[{"href":"https:\/\/esfinge.mx\/inicio\/wp-json\/wp\/v2\/types\/product"}],"replies":[{"embeddable":true,"href":"https:\/\/esfinge.mx\/inicio\/wp-json\/wp\/v2\/comments?post=975"}],"wp:featuredmedia":[{"embeddable":true,"href":"https:\/\/esfinge.mx\/inicio\/wp-json\/wp\/v2\/media\/976"}],"wp:attachment":[{"href":"https:\/\/esfinge.mx\/inicio\/wp-json\/wp\/v2\/media?parent=975"}],"wp:term":[{"taxonomy":"product_brand","embeddable":true,"href":"https:\/\/esfinge.mx\/inicio\/wp-json\/wp\/v2\/product_brand?post=975"},{"taxonomy":"product_cat","embeddable":true,"href":"https:\/\/esfinge.mx\/inicio\/wp-json\/wp\/v2\/product_cat?post=975"},{"taxonomy":"product_tag","embeddable":true,"href":"https:\/\/esfinge.mx\/inicio\/wp-json\/wp\/v2\/product_tag?post=975"}],"curies":[{"name":"wp","href":"https:\/\/api.w.org\/{rel}","templated":true}]}}