{"id":982,"date":"2021-10-19T08:39:22","date_gmt":"2021-10-19T08:39:22","guid":{"rendered":"https:\/\/esfinge.mx\/inicio\/?post_type=product&#038;p=982"},"modified":"2026-03-29T02:00:17","modified_gmt":"2026-03-29T08:00:17","slug":"encuentra-en-cada-cara-lo-que-tiene-de-rara","status":"publish","type":"product","link":"https:\/\/esfinge.mx\/inicio\/producto\/encuentra-en-cada-cara-lo-que-tiene-de-rara\/","title":{"rendered":"Encuentra en cada cara lo que tiene de rara"},"content":{"rendered":"<div class=\"caracteristicas\"><b class=\"subtitulo\">Resumen<\/b><\/div>\n<div class=\"caracteristicas\">El humor y los juegos de palabras que caracterizan a este libro invitan a los lectores a jugar y a divertirse con \u00e9l \u00a1sin importar la edad! La obra est\u00e1 llena de peque\u00f1os detalles, algunos de los cuales no se pueden encontrar durante una primera lectura, s\u00f3lo cuando se vuelve sobre sus p\u00e1ginas es posible encontrarse de frente con ellos. Aunque seguramente a los ni\u00f1os no se les escapar\u00e1 ninguno.<\/div>\n","protected":false},"excerpt":{"rendered":"<p>Fernando del Paso<\/p>\n","protected":false},"featured_media":983,"comment_status":"open","ping_status":"closed","template":"","meta":[],"product_brand":[],"product_cat":[35],"product_tag":[],"class_list":{"0":"post-982","1":"product","2":"type-product","3":"status-publish","4":"has-post-thumbnail","6":"product_cat-literatura","8":"first","9":"instock","10":"taxable","11":"shipping-taxable","12":"purchasable","13":"product-type-simple"},"_links":{"self":[{"href":"https:\/\/esfinge.mx\/inicio\/wp-json\/wp\/v2\/product\/982","targetHints":{"allow":["GET"]}}],"collection":[{"href":"https:\/\/esfinge.mx\/inicio\/wp-json\/wp\/v2\/product"}],"about":[{"href":"https:\/\/esfinge.mx\/inicio\/wp-json\/wp\/v2\/types\/product"}],"replies":[{"embeddable":true,"href":"https:\/\/esfinge.mx\/inicio\/wp-json\/wp\/v2\/comments?post=982"}],"wp:featuredmedia":[{"embeddable":true,"href":"https:\/\/esfinge.mx\/inicio\/wp-json\/wp\/v2\/media\/983"}],"wp:attachment":[{"href":"https:\/\/esfinge.mx\/inicio\/wp-json\/wp\/v2\/media?parent=982"}],"wp:term":[{"taxonomy":"product_brand","embeddable":true,"href":"https:\/\/esfinge.mx\/inicio\/wp-json\/wp\/v2\/product_brand?post=982"},{"taxonomy":"product_cat","embeddable":true,"href":"https:\/\/esfinge.mx\/inicio\/wp-json\/wp\/v2\/product_cat?post=982"},{"taxonomy":"product_tag","embeddable":true,"href":"https:\/\/esfinge.mx\/inicio\/wp-json\/wp\/v2\/product_tag?post=982"}],"curies":[{"name":"wp","href":"https:\/\/api.w.org\/{rel}","templated":true}]}}