{"id":987,"date":"2021-10-19T08:45:22","date_gmt":"2021-10-19T08:45:22","guid":{"rendered":"https:\/\/esfinge.mx\/inicio\/?post_type=product&#038;p=987"},"modified":"2026-03-29T02:00:09","modified_gmt":"2026-03-29T08:00:09","slug":"cuentos-de-animales-fantasticos-para-ninos","status":"publish","type":"product","link":"https:\/\/esfinge.mx\/inicio\/producto\/cuentos-de-animales-fantasticos-para-ninos\/","title":{"rendered":"Cuentos de Animales Fant\u00e1sticos para Ni\u00f1os"},"content":{"rendered":"<div class=\"caracteristicas\"><b class=\"subtitulo\">Resumen<\/b><\/div>\n<div class=\"caracteristicas\">Recopilaci\u00f3n de diez cuentos latinoamericanos cuyos protagonistas son animales fant\u00e1sticos surgidos de la tradici\u00f3n literaria popular, que aparecen para dar a conocer el origen de las cosas y las culturas, o para explicar cuestiones incomprensibles para el hombre. En algunos de los relatos los animales se convierten en fuerzas de la naturaleza que ayudan o perjudican al hombre; en otros, los seres humanos se transforman en animales de gran fuerza y poder.<\/div>\n","protected":false},"excerpt":{"rendered":"<p>Varios autores e ilustradores<\/p>\n","protected":false},"featured_media":988,"comment_status":"open","ping_status":"closed","template":"","meta":[],"product_brand":[],"product_cat":[35],"product_tag":[],"class_list":{"0":"post-987","1":"product","2":"type-product","3":"status-publish","4":"has-post-thumbnail","6":"product_cat-literatura","8":"first","9":"instock","10":"taxable","11":"shipping-taxable","12":"purchasable","13":"product-type-simple"},"_links":{"self":[{"href":"https:\/\/esfinge.mx\/inicio\/wp-json\/wp\/v2\/product\/987","targetHints":{"allow":["GET"]}}],"collection":[{"href":"https:\/\/esfinge.mx\/inicio\/wp-json\/wp\/v2\/product"}],"about":[{"href":"https:\/\/esfinge.mx\/inicio\/wp-json\/wp\/v2\/types\/product"}],"replies":[{"embeddable":true,"href":"https:\/\/esfinge.mx\/inicio\/wp-json\/wp\/v2\/comments?post=987"}],"wp:featuredmedia":[{"embeddable":true,"href":"https:\/\/esfinge.mx\/inicio\/wp-json\/wp\/v2\/media\/988"}],"wp:attachment":[{"href":"https:\/\/esfinge.mx\/inicio\/wp-json\/wp\/v2\/media?parent=987"}],"wp:term":[{"taxonomy":"product_brand","embeddable":true,"href":"https:\/\/esfinge.mx\/inicio\/wp-json\/wp\/v2\/product_brand?post=987"},{"taxonomy":"product_cat","embeddable":true,"href":"https:\/\/esfinge.mx\/inicio\/wp-json\/wp\/v2\/product_cat?post=987"},{"taxonomy":"product_tag","embeddable":true,"href":"https:\/\/esfinge.mx\/inicio\/wp-json\/wp\/v2\/product_tag?post=987"}],"curies":[{"name":"wp","href":"https:\/\/api.w.org\/{rel}","templated":true}]}}