{"id":990,"date":"2021-10-19T08:47:31","date_gmt":"2021-10-19T08:47:31","guid":{"rendered":"https:\/\/esfinge.mx\/inicio\/?post_type=product&#038;p=990"},"modified":"2026-03-29T02:00:09","modified_gmt":"2026-03-29T08:00:09","slug":"cuentos-de-enredos-y-travesuras","status":"publish","type":"product","link":"https:\/\/esfinge.mx\/inicio\/producto\/cuentos-de-enredos-y-travesuras\/","title":{"rendered":"Cuentos de Enredos y Travesuras"},"content":{"rendered":"<div class=\"caracteristicas\" style=\"text-align: left;\"><b class=\"subtitulo\">Resumen<\/b><\/div>\n<div class=\"caracteristicas\" style=\"text-align: left;\">Antolog\u00eda que re\u00fane relatos tradicionales de Am\u00e9rica Latina, transmitidos oralmente de generaci\u00f3n en generaci\u00f3n. Tienen en com\u00fan el tema de las travesuras, esas maldades inocentes producto de la imaginaci\u00f3n e ingenio de sus protagonistas, quienes en estas historias son seres con una visi\u00f3n juguetona de la vida y sus acciones son igualmente divertidas.<\/div>\n","protected":false},"excerpt":{"rendered":"<p>Varios autores e ilustradores<\/p>\n","protected":false},"featured_media":991,"comment_status":"open","ping_status":"closed","template":"","meta":[],"product_brand":[],"product_cat":[35],"product_tag":[],"class_list":{"0":"post-990","1":"product","2":"type-product","3":"status-publish","4":"has-post-thumbnail","6":"product_cat-literatura","8":"first","9":"instock","10":"taxable","11":"shipping-taxable","12":"purchasable","13":"product-type-simple"},"_links":{"self":[{"href":"https:\/\/esfinge.mx\/inicio\/wp-json\/wp\/v2\/product\/990","targetHints":{"allow":["GET"]}}],"collection":[{"href":"https:\/\/esfinge.mx\/inicio\/wp-json\/wp\/v2\/product"}],"about":[{"href":"https:\/\/esfinge.mx\/inicio\/wp-json\/wp\/v2\/types\/product"}],"replies":[{"embeddable":true,"href":"https:\/\/esfinge.mx\/inicio\/wp-json\/wp\/v2\/comments?post=990"}],"wp:featuredmedia":[{"embeddable":true,"href":"https:\/\/esfinge.mx\/inicio\/wp-json\/wp\/v2\/media\/991"}],"wp:attachment":[{"href":"https:\/\/esfinge.mx\/inicio\/wp-json\/wp\/v2\/media?parent=990"}],"wp:term":[{"taxonomy":"product_brand","embeddable":true,"href":"https:\/\/esfinge.mx\/inicio\/wp-json\/wp\/v2\/product_brand?post=990"},{"taxonomy":"product_cat","embeddable":true,"href":"https:\/\/esfinge.mx\/inicio\/wp-json\/wp\/v2\/product_cat?post=990"},{"taxonomy":"product_tag","embeddable":true,"href":"https:\/\/esfinge.mx\/inicio\/wp-json\/wp\/v2\/product_tag?post=990"}],"curies":[{"name":"wp","href":"https:\/\/api.w.org\/{rel}","templated":true}]}}