{"id":996,"date":"2021-10-19T08:51:43","date_gmt":"2021-10-19T08:51:43","guid":{"rendered":"https:\/\/esfinge.mx\/inicio\/?post_type=product&#038;p=996"},"modified":"2026-03-29T02:00:23","modified_gmt":"2026-03-29T08:00:23","slug":"lecturas-de-poesia-clasica-tomo-ii","status":"publish","type":"product","link":"https:\/\/esfinge.mx\/inicio\/producto\/lecturas-de-poesia-clasica-tomo-ii\/","title":{"rendered":"Lecturas de poes\u00eda cl\u00e1sica, tomo II"},"content":{"rendered":"<div class=\"caracteristicas\"><b class=\"subtitulo\">Resumen<\/b><\/div>\n<div class=\"caracteristicas\">Los lectores no s\u00f3lo tendr\u00e1n la oportunidad de familiarizarse con la poes\u00eda y recrearse con su sonido, tambi\u00e9n podr\u00e1n conocer y entender los entornos sociales en los que se desarrolla y se crea. Adem\u00e1s, cuenta con notas que proporcionan informaci\u00f3n sobre los autores y contextualizan las obras. Tambi\u00e9n permite apreciar c\u00f3mo, con el paso del tiempo, la poes\u00eda va cambiando de la mano de sus autores.<\/div>\n","protected":false},"excerpt":{"rendered":"<p>Francisco Serrano<\/p>\n","protected":false},"featured_media":997,"comment_status":"open","ping_status":"closed","template":"","meta":[],"product_brand":[],"product_cat":[35],"product_tag":[],"class_list":{"0":"post-996","1":"product","2":"type-product","3":"status-publish","4":"has-post-thumbnail","6":"product_cat-literatura","8":"first","9":"instock","10":"taxable","11":"shipping-taxable","12":"purchasable","13":"product-type-simple"},"_links":{"self":[{"href":"https:\/\/esfinge.mx\/inicio\/wp-json\/wp\/v2\/product\/996","targetHints":{"allow":["GET"]}}],"collection":[{"href":"https:\/\/esfinge.mx\/inicio\/wp-json\/wp\/v2\/product"}],"about":[{"href":"https:\/\/esfinge.mx\/inicio\/wp-json\/wp\/v2\/types\/product"}],"replies":[{"embeddable":true,"href":"https:\/\/esfinge.mx\/inicio\/wp-json\/wp\/v2\/comments?post=996"}],"wp:featuredmedia":[{"embeddable":true,"href":"https:\/\/esfinge.mx\/inicio\/wp-json\/wp\/v2\/media\/997"}],"wp:attachment":[{"href":"https:\/\/esfinge.mx\/inicio\/wp-json\/wp\/v2\/media?parent=996"}],"wp:term":[{"taxonomy":"product_brand","embeddable":true,"href":"https:\/\/esfinge.mx\/inicio\/wp-json\/wp\/v2\/product_brand?post=996"},{"taxonomy":"product_cat","embeddable":true,"href":"https:\/\/esfinge.mx\/inicio\/wp-json\/wp\/v2\/product_cat?post=996"},{"taxonomy":"product_tag","embeddable":true,"href":"https:\/\/esfinge.mx\/inicio\/wp-json\/wp\/v2\/product_tag?post=996"}],"curies":[{"name":"wp","href":"https:\/\/api.w.org\/{rel}","templated":true}]}}